{"id":3532,"date":"2014-07-20T12:56:44","date_gmt":"2014-07-20T10:56:44","guid":{"rendered":"https:\/\/innovair.org\/international-aeronautics-rtd-programmes\/clean-sky\/"},"modified":"2018-09-12T13:51:55","modified_gmt":"2018-09-12T11:51:55","slug":"clean-sky","status":"publish","type":"page","link":"https:\/\/innovair.org\/en\/innovation\/international-aeronautics-innovation\/clean-sky\/","title":{"rendered":"Clean Sky"},"content":{"rendered":"[vc_row type=&#8221;in_container&#8221; full_screen_row_position=&#8221;middle&#8221; scene_position=&#8221;center&#8221; text_color=&#8221;dark&#8221; text_align=&#8221;left&#8221; overlay_strength=&#8221;0.3&#8243; shape_divider_position=&#8221;bottom&#8221;][vc_column column_padding=&#8221;no-extra-padding&#8221; column_padding_position=&#8221;all&#8221; background_color_opacity=&#8221;1&#8243; background_hover_color_opacity=&#8221;1&#8243; column_shadow=&#8221;none&#8221; column_border_radius=&#8221;none&#8221; width=&#8221;1\/6&#8243; tablet_text_alignment=&#8221;default&#8221; phone_text_alignment=&#8221;default&#8221; column_border_width=&#8221;none&#8221; column_border_style=&#8221;solid&#8221;][\/vc_column][vc_column column_padding=&#8221;no-extra-padding&#8221; column_padding_position=&#8221;all&#8221; background_color_opacity=&#8221;1&#8243; background_hover_color_opacity=&#8221;1&#8243; column_shadow=&#8221;none&#8221; column_border_radius=&#8221;none&#8221; width=&#8221;2\/3&#8243; tablet_text_alignment=&#8221;default&#8221; phone_text_alignment=&#8221;default&#8221; column_border_width=&#8221;none&#8221; column_border_style=&#8221;solid&#8221;][vc_column_text]\n<h1>International aeronautics innovation<br \/>\n\u2013 Clean Sky<\/h1>\n[\/vc_column_text][divider line_type=&#8221;Full Width Line&#8221; line_thickness=&#8221;1&#8243; divider_color=&#8221;default&#8221; custom_height=&#8221;50&#8243;][vc_column_text]Clean Sky is a Joint Technology Initiative (JTI) between the aviation industry and EC. It is a large demonstrator project to validate technology to high TRL level (TRL 6). Demonstrators for, among other things, aircraft structures and systems as well as engines are being implemented. Saab and GKN are strategic partners in Clean Sky.<\/p>\n<p>25% of the budget in Clean Sky 1 was distributed through open calls. Strategic partners like Saab and GKN formulated topics and also participated in the evaluation of applications in the open calls. Through these calls, several Swedish universities, institutes and SMEs have joined Clean Sky projects.<\/p>\n<p>A summary brochure on Clean Sky 1 can be found\u00a0<a style=\"font-weight: inherit; font-style: inherit;\" href=\"https:\/\/innovair.org\/wp-content\/uploads\/2016\/03\/Clean-Sky-at-a-Glance-FINAL-2016-03.pdf\">here<\/a>.<\/p>\n<h4>Clean Sky 2<\/h4>\n<p>Clean Sky 2 started late 2014 and will last until 2024 with a budget of 4 billion EUR. Within Clean Sky 2 very large integrated platforms will be demonstrated, but also demonstrators of the same type as in Clean Sky 1.<\/p>\n<p>A factsheet about Clean Sky 2 is available\u00a0<a style=\"font-weight: inherit; font-style: inherit;\" href=\"https:\/\/innovair.org\/wp-content\/uploads\/2015\/03\/Clean-Sky-2-Fact-Sheet.pdf\">here<\/a>.\u00a0Read more on the Clean Sky&#8217;s\u00a0<a href=\"http:\/\/www.cleansky.eu\/\" target=\"_blank\" rel=\"noopener\">website<\/a>.<\/p>\n<p>Within the framework of Clean Sky 2 cooperation agreements have been signed with two Swedish regions \u2013 \u00d6sterg\u00f6tland and V\u00e4stra G\u00f6taland regions. Read more about this in this\u00a0<a style=\"font-weight: inherit; font-style: inherit;\" href=\"https:\/\/innovair.org\/wp-content\/uploads\/2017\/06\/Clean-Sky-Region-Brochure.pdf\">brochure<\/a>.[\/vc_column_text][\/vc_column][vc_column column_padding=&#8221;no-extra-padding&#8221; column_padding_position=&#8221;all&#8221; background_color_opacity=&#8221;1&#8243; background_hover_color_opacity=&#8221;1&#8243; column_shadow=&#8221;none&#8221; column_border_radius=&#8221;none&#8221; width=&#8221;1\/6&#8243; tablet_text_alignment=&#8221;default&#8221; phone_text_alignment=&#8221;default&#8221; column_border_width=&#8221;none&#8221; column_border_style=&#8221;solid&#8221;][\/vc_column][\/vc_row]\n","protected":false},"excerpt":{"rendered":"<p>[vc_row type=&#8221;in_container&#8221; full_screen_row_position=&#8221;middle&#8221; scene_position=&#8221;center&#8221; text_color=&#8221;dark&#8221; text_align=&#8221;left&#8221; overlay_strength=&#8221;0.3&#8243; shape_divider_position=&#8221;bottom&#8221;][vc_column column_padding=&#8221;no-extra-padding&#8221; column_padding_position=&#8221;all&#8221; background_color_opacity=&#8221;1&#8243; background_hover_color_opacity=&#8221;1&#8243; column_shadow=&#8221;none&#8221; column_border_radius=&#8221;none&#8221; width=&#8221;1\/6&#8243; tablet_text_alignment=&#8221;default&#8221; phone_text_alignment=&#8221;default&#8221; column_border_width=&#8221;none&#8221; column_border_style=&#8221;solid&#8221;][\/vc_column][vc_column column_padding=&#8221;no-extra-padding&#8221; column_padding_position=&#8221;all&#8221; background_color_opacity=&#8221;1&#8243; background_hover_color_opacity=&#8221;1&#8243; column_shadow=&#8221;none&#8221; column_border_radius=&#8221;none&#8221; width=&#8221;2\/3&#8243; tablet_text_alignment=&#8221;default&#8221; phone_text_alignment=&#8221;default&#8221; column_border_width=&#8221;none&#8221; column_border_style=&#8221;solid&#8221;][vc_column_text]&#8230;<\/p>\n","protected":false},"author":1,"featured_media":0,"parent":3516,"menu_order":109,"comment_status":"open","ping_status":"open","template":"","meta":{"footnotes":""},"class_list":["post-3532","page","type-page","status-publish"],"aioseo_notices":[],"_links":{"self":[{"href":"https:\/\/innovair.org\/en\/wp-json\/wp\/v2\/pages\/3532","targetHints":{"allow":["GET"]}}],"collection":[{"href":"https:\/\/innovair.org\/en\/wp-json\/wp\/v2\/pages"}],"about":[{"href":"https:\/\/innovair.org\/en\/wp-json\/wp\/v2\/types\/page"}],"author":[{"embeddable":true,"href":"https:\/\/innovair.org\/en\/wp-json\/wp\/v2\/users\/1"}],"replies":[{"embeddable":true,"href":"https:\/\/innovair.org\/en\/wp-json\/wp\/v2\/comments?post=3532"}],"version-history":[{"count":13,"href":"https:\/\/innovair.org\/en\/wp-json\/wp\/v2\/pages\/3532\/revisions"}],"predecessor-version":[{"id":4971,"href":"https:\/\/innovair.org\/en\/wp-json\/wp\/v2\/pages\/3532\/revisions\/4971"}],"up":[{"embeddable":true,"href":"https:\/\/innovair.org\/en\/wp-json\/wp\/v2\/pages\/3516"}],"wp:attachment":[{"href":"https:\/\/innovair.org\/en\/wp-json\/wp\/v2\/media?parent=3532"}],"curies":[{"name":"wp","href":"https:\/\/api.w.org\/{rel}","templated":true}]}}