{"id":3567,"date":"2014-07-20T19:57:21","date_gmt":"2014-07-20T17:57:21","guid":{"rendered":"https:\/\/innovair.org\/swedish-aeronautics-stakeholders\/ovriga\/"},"modified":"2024-02-29T09:24:52","modified_gmt":"2024-02-29T08:24:52","slug":"others","status":"publish","type":"page","link":"https:\/\/innovair.org\/en\/stakeholders\/national-aeronautics-stakeholders\/others\/","title":{"rendered":"Others"},"content":{"rendered":"[vc_row type=&#8221;in_container&#8221; full_screen_row_position=&#8221;middle&#8221; column_margin=&#8221;default&#8221; column_direction=&#8221;default&#8221; column_direction_tablet=&#8221;default&#8221; column_direction_phone=&#8221;default&#8221; scene_position=&#8221;center&#8221; text_color=&#8221;dark&#8221; text_align=&#8221;left&#8221; row_border_radius=&#8221;none&#8221; row_border_radius_applies=&#8221;bg&#8221; overflow=&#8221;visible&#8221; overlay_strength=&#8221;0.3&#8243; gradient_direction=&#8221;left_to_right&#8221; shape_divider_position=&#8221;bottom&#8221; bg_image_animation=&#8221;none&#8221;][vc_column column_padding=&#8221;no-extra-padding&#8221; column_padding_tablet=&#8221;inherit&#8221; column_padding_phone=&#8221;inherit&#8221; column_padding_position=&#8221;all&#8221; column_element_direction_desktop=&#8221;default&#8221; column_element_spacing=&#8221;default&#8221; desktop_text_alignment=&#8221;default&#8221; tablet_text_alignment=&#8221;default&#8221; phone_text_alignment=&#8221;default&#8221; background_color_opacity=&#8221;1&#8243; background_hover_color_opacity=&#8221;1&#8243; column_backdrop_filter=&#8221;none&#8221; column_shadow=&#8221;none&#8221; column_border_radius=&#8221;none&#8221; column_link_target=&#8221;_self&#8221; column_position=&#8221;default&#8221; gradient_direction=&#8221;left_to_right&#8221; overlay_strength=&#8221;0.3&#8243; width=&#8221;1\/6&#8243; tablet_width_inherit=&#8221;default&#8221; animation_type=&#8221;default&#8221; bg_image_animation=&#8221;none&#8221; border_type=&#8221;simple&#8221; column_border_width=&#8221;none&#8221; column_border_style=&#8221;solid&#8221;][\/vc_column][vc_column column_padding=&#8221;no-extra-padding&#8221; column_padding_tablet=&#8221;inherit&#8221; column_padding_phone=&#8221;inherit&#8221; column_padding_position=&#8221;all&#8221; column_element_direction_desktop=&#8221;default&#8221; column_element_spacing=&#8221;default&#8221; desktop_text_alignment=&#8221;default&#8221; tablet_text_alignment=&#8221;default&#8221; phone_text_alignment=&#8221;default&#8221; background_color_opacity=&#8221;1&#8243; background_hover_color_opacity=&#8221;1&#8243; column_backdrop_filter=&#8221;none&#8221; column_shadow=&#8221;none&#8221; column_border_radius=&#8221;none&#8221; column_link_target=&#8221;_self&#8221; column_position=&#8221;default&#8221; gradient_direction=&#8221;left_to_right&#8221; overlay_strength=&#8221;0.3&#8243; width=&#8221;2\/3&#8243; tablet_width_inherit=&#8221;default&#8221; animation_type=&#8221;default&#8221; bg_image_animation=&#8221;none&#8221; border_type=&#8221;simple&#8221; column_border_width=&#8221;none&#8221; column_border_style=&#8221;solid&#8221;][vc_column_text]\n<h1>National aeronautics stakeholders<br \/>\n\u2013 Others<\/h1>\n[\/vc_column_text][divider line_type=&#8221;Full Width Line&#8221; line_thickness=&#8221;1&#8243; divider_color=&#8221;default&#8221; custom_height=&#8221;50&#8243;][vc_column_text]\n<h2>Interest organisations<\/h2>\n<h4><a href=\"https:\/\/www.svensktflyg.se\/english\/\" target=\"_blank\" rel=\"noopener\">The Swedish Air Transport Society<\/a><\/h4>\n<p>The Swedish Air Transport Society communicates ideas, opinions, and knowledge about commercial aviation and aeronautics industry in Sweden. Its aim is to strengthen confidence in commercial aviation and aeronautics industries such that they are given opportunities to work and grow in Sweden.<\/p>\n<h4><a href=\"http:\/\/www.soff.se\/en\/\" target=\"_blank\" rel=\"noopener\">SOFF \u2013 the Swedish Security and Defence Industry Association<\/a><\/h4>\n<p>SOFF is open to companies whose production of security and defence equipment and services constitutes an essential part of their output. The association currently has\u00a065 member companies\u00a0including 55 SMEs. The purpose of the association is to promote the common interests of the security and defence industry and to strive for increased understanding of its importance to Swedish security and defence policy.<\/p>\n<p>The association maintains a close dialogue and collaborates extensively with the Swedish government as well as supporting agencies such as the Swedish Armed Forces, Swedish Defence Materiel Administration (FMV), Swedish Defence &amp; Security Export Agency (FXM) and the Swedish Defence Research Agency (FOI). The association\u00a0also represents the Swedish security and defence industry in various international organisations.<\/p>\n<h4><a href=\"http:\/\/www.aerospace.se\/\" target=\"_blank\" rel=\"noopener\">SAI \u2013 Swedish Aerospace Industries<\/a><\/h4>\n<p>SAI is a non-profit organisation for Swedish aerospace industry. SAI works to increase knowledge of Swedish aerospace operations, activities, and its special terms and conditions. SAI wants to promote collaboration between universities, government agencies, small and large businesses, institutes and policy makers.<\/p>\n<p>Member companies (2018) are: GKN Aerospace, OHB Sweden, Omnisys, Ruag Space, Saab, SSC, \u00c5AC Microtec. SAI is the Swedish member of ASD (Aerospace and Defence Association in Europe).<\/p>\n<h4><a href=\"https:\/\/aerospaceclustersweden.com\/?lang=en\" target=\"_blank\" rel=\"noopener\">ACS \u2013 Aerospace Cluster Sweden<\/a><\/h4>\n<p>ACS is a network organisation focused on small and medium-sized companies, professionally engaged in the aerospace industry. ACS currently has two nodes; one in the region of \u00d6sterg\u00f6tland (R\u00d6) and one in the region of V\u00e4stra G\u00f6taland (VGR).<\/p>\n<h4><a href=\"http:\/\/www.flygtekniskaforeningen.org\/\" target=\"_blank\" rel=\"noopener\">FTF \u2013 the Swedish Society for Aeronautics and Astronautics<\/a><\/h4>\n<p>FTF is a nationwide, non-profit and non-political organisation which currently has about 2,000 members. The society exists in its present form since 1968 when the aeronautics society, founded in 1933, merged with the Swedish Interplanetary Society. Its purpose is to promote aerospace engineering business in Sweden. The seat of the head society is in Stockholm, with five local branches in Link\u00f6ping, Trollh\u00e4ttan, Gothenburg, Malm\u00f6, and Kiruna.<\/p>\n<p>FTF organises every year a number of lectures in each city on current topics, as well as field trips. Every three years, a national aerospace congress is organized. Every year FTF also selects the recipients of the Thulin medal, which is the most distinguished award in the aerospace industry in Sweden.<\/p>\n<h2>Airports<\/h2>\n<h4><a href=\"http:\/\/www.swedavia.com\/\" target=\"_blank\" rel=\"noopener\">Swedavia<\/a><\/h4>\n<p>Operation and ownership of governmental airports for civil aviation was formerly part of LFV, but was transferred on 1 April 2010 to the newly formed government company Swedavia.\u00a0Swedavia owns, operates and develops ten airports across Sweden.<\/p>\n<h2>Airlines<\/h2>\n<h4><a href=\"http:\/\/www.sasgroup.net\/\" target=\"_blank\" rel=\"noopener\">SAS<\/a><\/h4>\n<p>SAS is the leading airline in Scandinavia and the figures for 2013 were 28 million passengers to 120 different destinations. SAS is part of the Star Alliance network.[\/vc_column_text][\/vc_column][vc_column column_padding=&#8221;no-extra-padding&#8221; column_padding_tablet=&#8221;inherit&#8221; column_padding_phone=&#8221;inherit&#8221; column_padding_position=&#8221;all&#8221; column_element_direction_desktop=&#8221;default&#8221; column_element_spacing=&#8221;default&#8221; desktop_text_alignment=&#8221;default&#8221; tablet_text_alignment=&#8221;default&#8221; phone_text_alignment=&#8221;default&#8221; background_color_opacity=&#8221;1&#8243; background_hover_color_opacity=&#8221;1&#8243; column_backdrop_filter=&#8221;none&#8221; column_shadow=&#8221;none&#8221; column_border_radius=&#8221;none&#8221; column_link_target=&#8221;_self&#8221; column_position=&#8221;default&#8221; gradient_direction=&#8221;left_to_right&#8221; overlay_strength=&#8221;0.3&#8243; width=&#8221;1\/6&#8243; tablet_width_inherit=&#8221;default&#8221; animation_type=&#8221;default&#8221; bg_image_animation=&#8221;none&#8221; border_type=&#8221;simple&#8221; column_border_width=&#8221;none&#8221; column_border_style=&#8221;solid&#8221;][\/vc_column][\/vc_row]\n","protected":false},"excerpt":{"rendered":"<p>[vc_row type=&#8221;in_container&#8221; full_screen_row_position=&#8221;middle&#8221; column_margin=&#8221;default&#8221; column_direction=&#8221;default&#8221; column_direction_tablet=&#8221;default&#8221; column_direction_phone=&#8221;default&#8221; scene_position=&#8221;center&#8221; text_color=&#8221;dark&#8221; text_align=&#8221;left&#8221; row_border_radius=&#8221;none&#8221; row_border_radius_applies=&#8221;bg&#8221; overflow=&#8221;visible&#8221; overlay_strength=&#8221;0.3&#8243; gradient_direction=&#8221;left_to_right&#8221; shape_divider_position=&#8221;bottom&#8221; bg_image_animation=&#8221;none&#8221;][vc_column column_padding=&#8221;no-extra-padding&#8221; column_padding_tablet=&#8221;inherit&#8221; column_padding_phone=&#8221;inherit&#8221; column_padding_position=&#8221;all&#8221; column_element_direction_desktop=&#8221;default&#8221; column_element_spacing=&#8221;default&#8221; desktop_text_alignment=&#8221;default&#8221; tablet_text_alignment=&#8221;default&#8221; phone_text_alignment=&#8221;default&#8221; background_color_opacity=&#8221;1&#8243; background_hover_color_opacity=&#8221;1&#8243; column_backdrop_filter=&#8221;none&#8221; column_shadow=&#8221;none&#8221;&#8230;<\/p>\n","protected":false},"author":1,"featured_media":0,"parent":3539,"menu_order":71,"comment_status":"closed","ping_status":"closed","template":"","meta":{"footnotes":""},"class_list":["post-3567","page","type-page","status-publish"],"aioseo_notices":[],"_links":{"self":[{"href":"https:\/\/innovair.org\/en\/wp-json\/wp\/v2\/pages\/3567","targetHints":{"allow":["GET"]}}],"collection":[{"href":"https:\/\/innovair.org\/en\/wp-json\/wp\/v2\/pages"}],"about":[{"href":"https:\/\/innovair.org\/en\/wp-json\/wp\/v2\/types\/page"}],"author":[{"embeddable":true,"href":"https:\/\/innovair.org\/en\/wp-json\/wp\/v2\/users\/1"}],"replies":[{"embeddable":true,"href":"https:\/\/innovair.org\/en\/wp-json\/wp\/v2\/comments?post=3567"}],"version-history":[{"count":6,"href":"https:\/\/innovair.org\/en\/wp-json\/wp\/v2\/pages\/3567\/revisions"}],"predecessor-version":[{"id":8395,"href":"https:\/\/innovair.org\/en\/wp-json\/wp\/v2\/pages\/3567\/revisions\/8395"}],"up":[{"embeddable":true,"href":"https:\/\/innovair.org\/en\/wp-json\/wp\/v2\/pages\/3539"}],"wp:attachment":[{"href":"https:\/\/innovair.org\/en\/wp-json\/wp\/v2\/media?parent=3567"}],"curies":[{"name":"wp","href":"https:\/\/api.w.org\/{rel}","templated":true}]}}